{"id":3567,"date":"2024-08-06T13:13:52","date_gmt":"2024-08-06T11:13:52","guid":{"rendered":"https:\/\/rheinpalais.hhvision.de\/?page_id=3567"},"modified":"2024-09-11T15:26:11","modified_gmt":"2024-09-11T13:26:11","slug":"officefinder","status":"publish","type":"page","link":"https:\/\/rhein-palais-bonn.de\/en\/officefinder\/","title":{"rendered":"Officefinder"},"content":{"rendered":"<div data-elementor-type=\"wp-page\" data-elementor-id=\"3567\" class=\"elementor elementor-3567\" data-elementor-post-type=\"page\">\n\t\t\t\t<div class=\"elementor-element elementor-element-962f824 sectionpadding pagemargin e-con-full e-flex e-con e-parent\" data-id=\"962f824\" data-element_type=\"container\" id=\"intro\" data-settings=\"{&quot;background_background&quot;:&quot;classic&quot;}\">\n\t\t\t\t<div class=\"elementor-element elementor-element-515a96d schnoerkel1 elementor-widget elementor-widget-image\" data-id=\"515a96d\" data-element_type=\"widget\" data-widget_type=\"image.default\">\n\t\t\t\t<div class=\"elementor-widget-container\">\n\t\t\t<style>\/*! elementor - v3.21.0 - 30-04-2024 *\/\n.elementor-widget-image{text-align:center}.elementor-widget-image a{display:inline-block}.elementor-widget-image a img[src$=\".svg\"]{width:48px}.elementor-widget-image img{vertical-align:middle;display:inline-block}<\/style>\t\t\t\t\t\t\t\t\t\t<img fetchpriority=\"high\" decoding=\"async\" width=\"400\" height=\"1000\" src=\"https:\/\/rhein-palais-bonn.de\/wp-content\/uploads\/4595d-Schnoerkel_01.png\" class=\"attachment-full size-full wp-image-110\" alt=\"Grafik: Ornament als Hintergrund\" srcset=\"https:\/\/rhein-palais-bonn.de\/wp-content\/uploads\/4595d-Schnoerkel_01.png 400w, https:\/\/rhein-palais-bonn.de\/wp-content\/uploads\/4595d-Schnoerkel_01-120x300.png 120w\" sizes=\"(max-width: 400px) 100vw, 400px\" \/>\t\t\t\t\t\t\t\t\t\t\t\t\t<\/div>\n\t\t\t\t<\/div>\n\t\t<div class=\"elementor-element elementor-element-cff0e9f introcontent widegap e-flex e-con-boxed e-con e-child\" data-id=\"cff0e9f\" data-element_type=\"container\">\n\t\t\t\t\t<div class=\"e-con-inner\">\n\t\t<div class=\"elementor-element elementor-element-768e4b7 introcontent widegap e-flex e-con-boxed e-con e-child\" data-id=\"768e4b7\" data-element_type=\"container\">\n\t\t\t\t\t<div class=\"e-con-inner\">\n\t\t<div class=\"elementor-element elementor-element-2bdc7b0 introheadings e-flex e-con-boxed e-con e-child\" data-id=\"2bdc7b0\" data-element_type=\"container\">\n\t\t\t\t\t<div class=\"e-con-inner\">\n\t\t\t\t<div class=\"elementor-element elementor-element-9187459 elementor-widget elementor-widget-text-editor\" data-id=\"9187459\" data-element_type=\"widget\" data-widget_type=\"text-editor.default\">\n\t\t\t\t<div class=\"elementor-widget-container\">\n\t\t\t<style>\/*! elementor - v3.21.0 - 30-04-2024 *\/\n.elementor-widget-text-editor.elementor-drop-cap-view-stacked .elementor-drop-cap{background-color:#69727d;color:#fff}.elementor-widget-text-editor.elementor-drop-cap-view-framed .elementor-drop-cap{color:#69727d;border:3px solid;background-color:transparent}.elementor-widget-text-editor:not(.elementor-drop-cap-view-default) .elementor-drop-cap{margin-top:8px}.elementor-widget-text-editor:not(.elementor-drop-cap-view-default) .elementor-drop-cap-letter{width:1em;height:1em}.elementor-widget-text-editor .elementor-drop-cap{float:left;text-align:center;line-height:1;font-size:50px}.elementor-widget-text-editor .elementor-drop-cap-letter{display:inline-block}<\/style>\t\t\t\t<h1>coming soon<\/h1>\t\t\t\t\t\t<\/div>\n\t\t\t\t<\/div>\n\t\t\t\t<div class=\"elementor-element elementor-element-d51486d fadeup animated-fast elementor-invisible elementor-widget elementor-widget-text-editor\" data-id=\"d51486d\" data-element_type=\"widget\" data-settings=\"{&quot;_animation&quot;:&quot;fadeIn&quot;}\" data-widget_type=\"text-editor.default\">\n\t\t\t\t<div class=\"elementor-widget-container\">\n\t\t\t\t\t\t\t<p><!-- wp:paragraph --><\/p><h2>Officefinder<\/h2><p><!-- \/wp:paragraph --><\/p>\t\t\t\t\t\t<\/div>\n\t\t\t\t<\/div>\n\t\t\t\t\t<\/div>\n\t\t\t\t<\/div>\n\t\t<div class=\"elementor-element elementor-element-c006317 introtext fadeup e-flex e-con-boxed e-con e-child\" data-id=\"c006317\" data-element_type=\"container\">\n\t\t\t\t\t<div class=\"e-con-inner\">\n\t\t\t\t<div class=\"elementor-element elementor-element-bb1a999 above1024px elementor-widget elementor-widget-spacer\" data-id=\"bb1a999\" data-element_type=\"widget\" data-widget_type=\"spacer.default\">\n\t\t\t\t<div class=\"elementor-widget-container\">\n\t\t\t<style>\/*! elementor - v3.21.0 - 30-04-2024 *\/\n.elementor-column .elementor-spacer-inner{height:var(--spacer-size)}.e-con{--container-widget-width:100%}.e-con-inner>.elementor-widget-spacer,.e-con>.elementor-widget-spacer{width:var(--container-widget-width,var(--spacer-size));--align-self:var(--container-widget-align-self,initial);--flex-shrink:0}.e-con-inner>.elementor-widget-spacer>.elementor-widget-container,.e-con>.elementor-widget-spacer>.elementor-widget-container{height:100%;width:100%}.e-con-inner>.elementor-widget-spacer>.elementor-widget-container>.elementor-spacer,.e-con>.elementor-widget-spacer>.elementor-widget-container>.elementor-spacer{height:100%}.e-con-inner>.elementor-widget-spacer>.elementor-widget-container>.elementor-spacer>.elementor-spacer-inner,.e-con>.elementor-widget-spacer>.elementor-widget-container>.elementor-spacer>.elementor-spacer-inner{height:var(--container-widget-height,var(--spacer-size))}.e-con-inner>.elementor-widget-spacer.elementor-widget-empty,.e-con>.elementor-widget-spacer.elementor-widget-empty{position:relative;min-height:22px;min-width:22px}.e-con-inner>.elementor-widget-spacer.elementor-widget-empty .elementor-widget-empty-icon,.e-con>.elementor-widget-spacer.elementor-widget-empty .elementor-widget-empty-icon{position:absolute;top:0;bottom:0;left:0;right:0;margin:auto;padding:0;width:22px;height:22px}<\/style>\t\t<div class=\"elementor-spacer\">\n\t\t\t<div class=\"elementor-spacer-inner\"><\/div>\n\t\t<\/div>\n\t\t\t\t<\/div>\n\t\t\t\t<\/div>\n\t\t\t\t<div class=\"elementor-element elementor-element-0058b59 largetext elementor-widget elementor-widget-text-editor\" data-id=\"0058b59\" data-element_type=\"widget\" data-widget_type=\"text-editor.default\">\n\t\t\t\t<div class=\"elementor-widget-container\">\n\t\t\t\t\t\t\t<p>The office finder for the Rhein-Palais Bonn is still under construction and will be available here soon. From then on, you can find your ideal office space on a virtual journey of discovery in the interactive 3D model.<\/p>\t\t\t\t\t\t<\/div>\n\t\t\t\t<\/div>\n\t\t\t\t\t<\/div>\n\t\t\t\t<\/div>\n\t\t\t\t\t<\/div>\n\t\t\t\t<\/div>\n\t\t<div class=\"elementor-element elementor-element-fe9b139 e-con-full fadeup animated-fast e-flex elementor-invisible e-con e-child\" data-id=\"fe9b139\" data-element_type=\"container\" data-settings=\"{&quot;animation&quot;:&quot;fadeIn&quot;}\">\n\t\t\t\t<div class=\"elementor-element elementor-element-e78d765 elementor-widget elementor-widget-spacer\" data-id=\"e78d765\" data-element_type=\"widget\" data-widget_type=\"spacer.default\">\n\t\t\t\t<div class=\"elementor-widget-container\">\n\t\t\t\t\t<div class=\"elementor-spacer\">\n\t\t\t<div class=\"elementor-spacer-inner\"><\/div>\n\t\t<\/div>\n\t\t\t\t<\/div>\n\t\t\t\t<\/div>\n\t\t\t\t<div class=\"elementor-element elementor-element-c9ddb1f elementor-widget elementor-widget-image\" data-id=\"c9ddb1f\" data-element_type=\"widget\" data-widget_type=\"image.default\">\n\t\t\t\t<div class=\"elementor-widget-container\">\n\t\t\t\t\t\t\t\t\t\t\t\t\t<img decoding=\"async\" width=\"800\" height=\"513\" src=\"https:\/\/rhein-palais-bonn.de\/wp-content\/uploads\/OfficeFinderVisualOnly-1024x657.png\" class=\"attachment-large size-large wp-image-3382\" alt=\"Visualisierung: 3D-Modell der Gesamtanlage des Rhein-Palais Bonn\" srcset=\"https:\/\/rhein-palais-bonn.de\/wp-content\/uploads\/OfficeFinderVisualOnly-1024x657.png 1024w, https:\/\/rhein-palais-bonn.de\/wp-content\/uploads\/OfficeFinderVisualOnly-300x192.png 300w, https:\/\/rhein-palais-bonn.de\/wp-content\/uploads\/OfficeFinderVisualOnly-768x492.png 768w, https:\/\/rhein-palais-bonn.de\/wp-content\/uploads\/OfficeFinderVisualOnly-1536x985.png 1536w, https:\/\/rhein-palais-bonn.de\/wp-content\/uploads\/OfficeFinderVisualOnly.png 1987w\" sizes=\"(max-width: 800px) 100vw, 800px\" \/>\t\t\t\t\t\t\t\t\t\t\t\t\t<\/div>\n\t\t\t\t<\/div>\n\t\t\t\t<div class=\"elementor-element elementor-element-680d04b handicon elementor-widget elementor-widget-image\" data-id=\"680d04b\" data-element_type=\"widget\" data-widget_type=\"image.default\">\n\t\t\t\t<div class=\"elementor-widget-container\">\n\t\t\t\t\t\t\t\t\t\t\t\t\t<img decoding=\"async\" width=\"100\" height=\"155\" src=\"https:\/\/rhein-palais-bonn.de\/wp-content\/uploads\/4595d-RheinPalais-HandIcon-white.png\" class=\"attachment-full size-full wp-image-3389\" alt=\"Grafik: Handsymbol, hier klicken\" \/>\t\t\t\t\t\t\t\t\t\t\t\t\t<\/div>\n\t\t\t\t<\/div>\n\t\t\t\t<\/div>\n\t\t\t\t\t<\/div>\n\t\t\t\t<\/div>\n\t\t\t\t<\/div>\n\t\t\t\t<\/div>","protected":false},"excerpt":{"rendered":"<p>coming soon Officefinder Der Officefinder f\u00fcr das Rhein-Palais Bonn befindet sich noch im Aufbau und wird hier bald f\u00fcr Sie bereit stehen. Ab dann k\u00f6nnen Sie auf einer virtuellen Entdeckungsreise im interaktiven 3D-Modell\u00a0Ihre idealen B\u00fcrofl\u00e4chen finden.<\/p>","protected":false},"author":2,"featured_media":0,"parent":0,"menu_order":45,"comment_status":"closed","ping_status":"closed","template":"elementor_header_footer","meta":{"footnotes":""},"class_list":["post-3567","page","type-page","status-publish","hentry"],"_links":{"self":[{"href":"https:\/\/rhein-palais-bonn.de\/en\/wp-json\/wp\/v2\/pages\/3567","targetHints":{"allow":["GET"]}}],"collection":[{"href":"https:\/\/rhein-palais-bonn.de\/en\/wp-json\/wp\/v2\/pages"}],"about":[{"href":"https:\/\/rhein-palais-bonn.de\/en\/wp-json\/wp\/v2\/types\/page"}],"author":[{"embeddable":true,"href":"https:\/\/rhein-palais-bonn.de\/en\/wp-json\/wp\/v2\/users\/2"}],"replies":[{"embeddable":true,"href":"https:\/\/rhein-palais-bonn.de\/en\/wp-json\/wp\/v2\/comments?post=3567"}],"version-history":[{"count":0,"href":"https:\/\/rhein-palais-bonn.de\/en\/wp-json\/wp\/v2\/pages\/3567\/revisions"}],"wp:attachment":[{"href":"https:\/\/rhein-palais-bonn.de\/en\/wp-json\/wp\/v2\/media?parent=3567"}],"curies":[{"name":"wp","href":"https:\/\/api.w.org\/{rel}","templated":true}]}}